{"id":2,"date":"2021-11-29T15:02:46","date_gmt":"2021-11-29T14:02:46","guid":{"rendered":"https:\/\/relaxtimecanegrate.com\/ristorante\/?page_id=2"},"modified":"2022-04-29T10:42:06","modified_gmt":"2022-04-29T08:42:06","slug":"regolamento-di-comportamento-minigolf-relax-time-canegrate","status":"publish","type":"page","link":"https:\/\/relaxtimecanegrate.com\/minigolf\/regolamento-di-comportamento-minigolf-relax-time-canegrate\/","title":{"rendered":"Regolamento di comportamento e responsabilit\u00e0"},"content":{"rendered":"\t\t<div data-elementor-type=\"wp-page\" data-elementor-id=\"2\" class=\"elementor elementor-2\" data-elementor-settings=\"[]\">\n\t\t\t\t\t\t\t<div class=\"elementor-section-wrap\">\n\t\t\t\t\t\t\t<section class=\"elementor-section elementor-top-section elementor-element elementor-element-af8af36 elementor-section-boxed elementor-section-height-default elementor-section-height-default eltdf-parallax-row-no eltdf-content-aligment-left eltdf-elementor-row-grid-no eltdf-disabled-bg-image-bellow-no\" data-id=\"af8af36\" data-element_type=\"section\">\n\t\t\t\t\t\t<div class=\"elementor-container elementor-column-gap-default\">\n\t\t\t\t\t<div class=\"elementor-column elementor-col-100 elementor-top-column elementor-element elementor-element-2ec7004e\" data-id=\"2ec7004e\" data-element_type=\"column\">\n\t\t\t<div class=\"elementor-widget-wrap elementor-element-populated\">\n\t\t\t\t\t\t\t\t<div class=\"elementor-element elementor-element-62ad952 elementor-widget elementor-widget-heading\" data-id=\"62ad952\" data-element_type=\"widget\" data-widget_type=\"heading.default\">\n\t\t\t\t<div class=\"elementor-widget-container\">\n\t\t\t<h4 class=\"elementor-heading-title elementor-size-default\">Regolamento di comportamento e responsabilit\u00e0<\/h4>\t\t<\/div>\n\t\t\t\t<\/div>\n\t\t\t\t<div class=\"elementor-element elementor-element-8e7901b elementor-widget elementor-widget-text-editor\" data-id=\"8e7901b\" data-element_type=\"widget\" data-widget_type=\"text-editor.default\">\n\t\t\t\t<div class=\"elementor-widget-container\">\n\t\t\t\t\t\t\t<p>Regolamento al 2\/02\/2022\u00a0 \u00a0 \u00a0 \u00a0 \u00a0 \u00a0 \u00a0 \u00a0\u00a0<\/p>\n<p>Minigolf e Miniaturgolf RELAX TIME sas<\/p>\n<p>Via tagliamento n. 16<\/p>\n<p>20039 Canegrate MI<\/p>\n<p>Italia<\/p>\t\t\t\t\t\t<\/div>\n\t\t\t\t<\/div>\n\t\t\t\t<div class=\"elementor-element elementor-element-521aa779 elementor-widget elementor-widget-text-editor\" data-id=\"521aa779\" data-element_type=\"widget\" data-widget_type=\"text-editor.default\">\n\t\t\t\t<div class=\"elementor-widget-container\">\n\t\t\t\t\t\t\t<!-- wp:paragraph -->\n<p>All\u2019interno del Minigolf \u00e8 in vigore un regolamento, con semplici ma efficaci regole che hanno l\u2019obiettivo di guidare adulti e bambini a giocare bene, nel rispetto di s\u00e9 stesso, degli altri e delle cose. Per garantire la massima sicurezza ed il miglior servizio dei bambini, invitiamo i genitori ed accompagnatori a leggere, impegnarsi a far <u>rispettare<\/u> le regole in esso contenuto.<\/p>\n<p><strong>E\u2019 CONSENTITO L\u2019INGRESSO AI CAMPI SOLO AI GIOCATORI.<\/strong><\/p>\n<p><strong>LA DIREZIONE NON ACCETTERA\u2019 COME GIUSTIFICAZIONE LA NON CONOSCENZA DEL REGOLAMENTO.<\/strong><\/p>\n<ul>\n<li>Il minore, durante tutto il periodo di permanenza presso il Minigolf RELAX TIME, rimarr\u00e0 sotto l\u2019esclusiva custodia del genitore\/accompagnatore (comunque maggiorenne), con tutti gli obblighi di vigilanza ed attenzione connessi e le responsabilit\u00e0 relative ad eventuali infortuni subiti dal minore o dallo stesso provocati ad altri minori e\/o a terzi e cose.<\/li>\n<li>La responsabilit\u00e0 sui minori \u00e8 del genitore o dell\u2019accompagnatore che deve essere maggiorenne, che ne risponde personalmente per tutto il periodo di permanenza. <u>E\u2019 assolutamente vietato lasciare incustoditi i minori<\/u>. Nell\u2019eventualit\u00e0 che questo accada, RELAX TIME sas declina ogni responsabilit\u00e0.<\/li>\n<li>I bambini con et\u00e0 inferiore ai 12 anni devono essere sorvegliati con maggiore cura e possono accedere solo al percorso di minigolf, a causa della fragilit\u00e0 degli ostacoli e della statura, dovendo tirare da bordopista, non sar\u00e0 possibile accedere al percorso di miniaturgolf dove non sono in grado di muoversi in maniera autonoma; non devono comunque salire sugli ostacoli o entrare in zone non adibite ai giochi.<\/li>\n<li>Chiediamo di rispettare il numero massimo di 6 persone per pista e i 6 tiri a pista per permettere un deflusso dei giocatori senza intoppi, soprattutto nei giorni di maggior affluenza.<\/li>\n<li>E\u2019 vietato portare le mazze fuori dal percorso del Minigolf.<\/li>\n<li>E\u2019 facolt\u00e0 della Direzione allontanare chi non rispetti il presente regolamento o chi tenga all\u2019interno del RELAX TIME un atteggiamento contrario alle norme igieniche o un linguaggio ed un atteggiamento offensivi e\/o contrari alla morale, che possano arrecare disagio agli altri ospiti.<\/li>\n<li>Gli accompagnatori sono responsabili del controllo e delle azioni compiute dai bambini che accompagnano, pertanto eventuali danneggiamenti alla struttura o al materiale ludico e non, sono sempre a carico dei responsabili.<\/li>\n<li>Gli accompagnatori hanno l\u2019obbligo di denunciare prima dell\u2019allontanamento dal Minigolf RELAX TIME eventuali danni subiti o arrecati alla struttura.<\/li>\n<li>Gli adulti che accompagnano devono assicurarsi che i bambini usino in modo corretto i giochi e gli spazi (es non salire sugli ostacoli, muretti, aiuole, lanciare le palline, urtare le strutture o oggetti con le mazze etc.).<\/li>\n<li>Le piste sono dotate di tubi di contenimento, si consiglia vivamente ai giocatori, sia bambini che adulti di non correre e far comunque attenzione a non inciampare, RELAX TIME non potr\u00e0 essere responsabile di eventuali infortuni.<\/li>\n<li>I tiri non devono essere tirati con forza, la pallina potrebbe uscire dalla pista nonostante i tubi di contenimento, e ferire anche gravemente. Il giocatore che non rispetta questa indicazione, sar\u00e0 responsabile a danni a persone o cose.<\/li>\n<li>La mancata restituzione della pallina base di minigolf, comporta il costo della stessa che corrisponde a \u20ac 2.00.<\/li>\n<li>La mancata restituzione della pallina professionale, comporta il costo della stessa, che pu\u00f2 variare da \u20ac 15.00 a \u20ac 20.00.<\/li>\n<li>La mancata consegna o danneggiamento della mazza base da minigolf comporta il costo della stessa che corrisponde a \u20ac 18.00.<\/li>\n<li>La mancata consegna o danneggiamento della mazza professionale da minigolf comporta il costo della stessa che corrisponde a \u20ac 30.00.<\/li>\n<li><u>Per il percorso di <\/u><strong><u>miniaturgolf<\/u><\/strong><u> \u00e8 assolutamente vietato salire sulle piste, si tira da bordopista<\/u>.<\/li>\n<li>La Direzione non custodisce i beni personali, pertanto non risponde in caso di smarrimento, furto, danneggiamento o deterioramento di oggetti portati all\u2019interno del Minigolf RELAX TIME.<br \/>Eventuali cartelli informativi affissi alla cassa o del Minigolf RELAX TIME, costituiscono parte integrante del presente regolamento.<\/li>\n<li>La Direzione pu\u00f2 variare in qualsiasi momento gli orari di accesso ai campi di gioco del RELAX TIME ed i giorni di chiusura, soprattutto in condizioni atmosferiche avverse, senza ritenersi obbligata a dare alcuna spiegazione.<\/li>\n<li>La Direzione non \u00e8 responsabile in caso di interruzione del servizio dovuto a cause non dipendenti della propria volont\u00e0 (eventi naturali o altro). <strong>Garantiamo per\u00f2 i nostri clienti che non hanno terminato il percorso di gioco, consegnando un buono, la possibilit\u00e0 di accedere nuovamente alla struttura quando il cliente lo riterr\u00e0 opportuno.<\/strong><\/li>\n<li>E\u2019 consentito l\u2019ingresso agli animali, fermo restando che l\u2019animale non rechi disturbo agli altri clienti e che il proprietario sia fornito dell\u2019attrezzatura per pulire in caso sporchi.<\/li>\n<li>All\u2019interno dei bagni \u00e8 assolutamente VIETATO FUMARE.<\/li>\n<li>L\u2019accesso al Parco Giochi presuppone l\u2019accettazione del regolamento in ogni sua parte che pu\u00f2 essere modificato dalla Direzione mediante avvisi affissi nei locali del RELAX TIME sas.<\/li>\n<\/ul>\n<p style=\"text-align: right;\">\u00a0\u00a0\u00a0\u00a0\u00a0\u00a0\u00a0\u00a0\u00a0\u00a0\u00a0\u00a0\u00a0\u00a0\u00a0\u00a0\u00a0\u00a0\u00a0\u00a0\u00a0\u00a0\u00a0\u00a0\u00a0\u00a0\u00a0\u00a0\u00a0\u00a0\u00a0\u00a0\u00a0\u00a0\u00a0\u00a0\u00a0\u00a0\u00a0\u00a0\u00a0\u00a0\u00a0\u00a0\u00a0\u00a0\u00a0\u00a0\u00a0\u00a0\u00a0\u00a0\u00a0\u00a0\u00a0\u00a0\u00a0\u00a0\u00a0\u00a0\u00a0\u00a0\u00a0\u00a0\u00a0\u00a0\u00a0\u00a0\u00a0\u00a0\u00a0\u00a0\u00a0\u00a0\u00a0\u00a0\u00a0\u00a0\u00a0\u00a0\u00a0\u00a0\u00a0\u00a0\u00a0\u00a0\u00a0\u00a0\u00a0\u00a0 LA DIREZIONE.<\/p>\n<!-- \/wp:paragraph -->\t\t\t\t\t\t<\/div>\n\t\t\t\t<\/div>\n\t\t\t\t\t<\/div>\n\t\t<\/div>\n\t\t\t\t\t\t\t<\/div>\n\t\t<\/section>\n\t\t\t\t\t\t<\/div>\n\t\t\t\t\t<\/div>\n\t\t","protected":false},"excerpt":{"rendered":"<p>Regolamento di comportamento e responsabilit\u00e0 Regolamento al 2\/02\/2022\u00a0 \u00a0 \u00a0 \u00a0 \u00a0 \u00a0 \u00a0 \u00a0\u00a0 Minigolf e Miniaturgolf RELAX TIME sas Via tagliamento n. 16 20039 Canegrate MI Italia All\u2019interno del Minigolf \u00e8 in vigore un regolamento, con semplici ma efficaci regole che hanno l\u2019obiettivo di guidare adulti e bambini a giocare bene, nel rispetto di s\u00e9 stesso, degli altri [&hellip;]<\/p>\n","protected":false},"author":1,"featured_media":0,"parent":0,"menu_order":0,"comment_status":"closed","ping_status":"closed","template":"","meta":{"_monsterinsights_skip_tracking":false,"_monsterinsights_sitenote_active":false,"_monsterinsights_sitenote_note":"","_monsterinsights_sitenote_category":0,"footnotes":""},"class_list":["post-2","page","type-page","status-publish","hentry"],"_links":{"self":[{"href":"https:\/\/relaxtimecanegrate.com\/minigolf\/wp-json\/wp\/v2\/pages\/2","targetHints":{"allow":["GET"]}}],"collection":[{"href":"https:\/\/relaxtimecanegrate.com\/minigolf\/wp-json\/wp\/v2\/pages"}],"about":[{"href":"https:\/\/relaxtimecanegrate.com\/minigolf\/wp-json\/wp\/v2\/types\/page"}],"author":[{"embeddable":true,"href":"https:\/\/relaxtimecanegrate.com\/minigolf\/wp-json\/wp\/v2\/users\/1"}],"replies":[{"embeddable":true,"href":"https:\/\/relaxtimecanegrate.com\/minigolf\/wp-json\/wp\/v2\/comments?post=2"}],"version-history":[{"count":12,"href":"https:\/\/relaxtimecanegrate.com\/minigolf\/wp-json\/wp\/v2\/pages\/2\/revisions"}],"predecessor-version":[{"id":5291,"href":"https:\/\/relaxtimecanegrate.com\/minigolf\/wp-json\/wp\/v2\/pages\/2\/revisions\/5291"}],"wp:attachment":[{"href":"https:\/\/relaxtimecanegrate.com\/minigolf\/wp-json\/wp\/v2\/media?parent=2"}],"curies":[{"name":"wp","href":"https:\/\/api.w.org\/{rel}","templated":true}]}}